{"id":21201,"date":"2018-02-27T15:43:44","date_gmt":"2018-02-27T15:43:44","guid":{"rendered":"https:\/\/www.theramblermotel.com\/instalaciones\/"},"modified":"2023-01-24T21:22:40","modified_gmt":"2023-01-24T21:22:40","slug":"instalaciones","status":"publish","type":"page","link":"https:\/\/www.stayrambler.com\/es\/instalaciones\/","title":{"rendered":"Instalaciones"},"content":{"rendered":"<p>[vc_row equal_height=&#8221;yes&#8221; el_class=&#8221;socialize-places&#8221;][vc_column width=&#8221;1\/3&#8243;][vc_tta_tabs style=&#8221;flat&#8221; shape=&#8221;square&#8221; color=&#8221;white&#8221; tab_position=&#8221;bottom&#8221; active_section=&#8221;1&#8243;][vc_tta_section title=&#8221;&lt;&#8221; tab_id=&#8221;1530780631072-52659404-1839&#8243;]<div class=\"hover_box\"><a href=\"http:\/\/www.sevenmilecasino.com\/games\/\" target=\"_blank\" title=\"\" rel=\"noopener\"><div class=\"hover_box_wrapper\"><img loading=\"lazy\" decoding=\"async\" class=\"scale-with-grid visible_photo\" src=\"https:\/\/www.stayrambler.com\/wp-content\/uploads\/2018\/08\/Socialize_SevenMile-1.jpg\" alt=\"Socialize_SevenMile\" width=\"2048\" height=\"1325\"\/><img loading=\"lazy\" decoding=\"async\" class=\"scale-with-grid hidden_photo\" src=\"https:\/\/www.stayrambler.com\/wp-content\/uploads\/2018\/08\/Socialize_SevenMile-1.jpg\" alt=\"Socialize_SevenMile\" width=\"2048\" height=\"1325\"\/><\/div><\/a><\/div>\n[vc_custom_heading text=&#8221;Seven Mile Casino&#8221; google_fonts=&#8221;font_family:Merriweather%3A300%2C300italic%2Cregular%2Citalic%2C700%2C700italic%2C900%2C900italic|font_style:400%20regular%3A400%3Anormal&#8221; css=&#8221;.vc_custom_1533687003716{padding-top: 40px !important;}&#8221;][\/vc_tta_section][vc_tta_section title=&#8221;M\u00e1s info |\u2192&#8221; tab_id=&#8221;1530780631096-d28fe751-4d4d&#8221;][vc_column_text] Pruebe su suerte en el <a href=\"http:\/\/www.sevenmilecasino.com\/games\/\" target=\"_blank\" rel=\"noopener noreferrer\">Seven Mile Casino<\/a>, un nuevo casino del sur de California que cuenta con 20 Poker y juegos de mesa.<br \/>\n<span style=\"font-size: xx-small;\"> \u00bfTiene una adicci\u00f3n al juego? Llame al n\u00famero 1-800-GAMBLER o visite problemgambling.ca.gov<\/span>[\/vc_column_text][\/vc_tta_section][\/vc_tta_tabs][\/vc_column][vc_column width=&#8221;1\/3&#8243;][vc_tta_tabs style=&#8221;flat&#8221; shape=&#8221;square&#8221; color=&#8221;white&#8221; tab_position=&#8221;bottom&#8221; active_section=&#8221;1&#8243;][vc_tta_section title=&#8221;&lt;&#8221; tab_id=&#8221;1533686562246-b35dd615-d113&#8243;]<div class=\"hover_box\"><div class=\"hover_box_wrapper\"><img loading=\"lazy\" decoding=\"async\" class=\"scale-with-grid visible_photo\" src=\"https:\/\/www.stayrambler.com\/wp-content\/uploads\/2019\/06\/Rambler_ArcadeGames.jpg\" alt=\"Rambler_ArcadeGames\" width=\"2048\" height=\"1365\"\/><img loading=\"lazy\" decoding=\"async\" class=\"scale-with-grid hidden_photo\" src=\"https:\/\/www.stayrambler.com\/wp-content\/uploads\/2019\/06\/Rambler_ArcadeGames.jpg\" alt=\"Rambler_ArcadeGames\" width=\"2048\" height=\"1365\"\/><\/div><\/div>\n[vc_custom_heading text=&#8221;El sal\u00f3n de maquinitas&#8221; google_fonts=&#8221;font_family:Merriweather%3A300%2C300italic%2Cregular%2Citalic%2C700%2C700italic%2C900%2C900italic|font_style:400%20regular%3A400%3Anormal&#8221; css=&#8221;.vc_custom_1533689608678{padding-top: 40px !important;}&#8221;][\/vc_tta_section][vc_tta_section title=&#8221;Mas info |\u2192&#8221; tab_id=&#8221;1533686562315-e4b15d45-4d55&#8243;][vc_column_text][\/vc_column_text][\/vc_tta_section][\/vc_tta_tabs][\/vc_column][vc_column width=&#8221;1\/3&#8243;][vc_tta_tabs style=&#8221;flat&#8221; shape=&#8221;square&#8221; color=&#8221;white&#8221; tab_position=&#8221;bottom&#8221; active_section=&#8221;1&#8243;][vc_tta_section title=&#8221;&lt;&#8221; tab_id=&#8221;1533686550903-31bf3dcd-5e79&#8243;]<div class=\"hover_box\"><div class=\"hover_box_wrapper\"><img loading=\"lazy\" decoding=\"async\" class=\"scale-with-grid visible_photo\" src=\"https:\/\/www.stayrambler.com\/wp-content\/uploads\/2019\/06\/Rambler_AlwaysBrakeForCoffee.jpg\" alt=\"Rambler_AlwaysBrakeForCoffee\" width=\"2048\" height=\"1365\"\/><img loading=\"lazy\" decoding=\"async\" class=\"scale-with-grid hidden_photo\" src=\"https:\/\/www.stayrambler.com\/wp-content\/uploads\/2019\/06\/Rambler_AlwaysBrakeForCoffee.jpg\" alt=\"Rambler_AlwaysBrakeForCoffee\" width=\"2048\" height=\"1365\"\/><\/div><\/div>\n[vc_custom_heading text=&#8221;Rambler Coffee (Caf\u00e9 Rambler) &#8221; google_fonts=&#8221;font_family:Merriweather%3A300%2C300italic%2Cregular%2Citalic%2C700%2C700italic%2C900%2C900italic|font_style:400%20regular%3A400%3Anormal&#8221; css=&#8221;.vc_custom_1533756843128{padding-top: 40px !important;}&#8221;][\/vc_tta_section][vc_tta_section title=&#8221;Mas info |\u2192&#8221; tab_id=&#8221;1533686550933-7a825f9b-a7d0&#8243;][vc_column_text] Siempre hay tiempo para tomarse un cafecito. Recargase con caf\u00e9 reci\u00e9n hecho en nuestra tienda inspirada en los a\u00f1os 70. [\/vc_column_text][\/vc_tta_section][\/vc_tta_tabs][\/vc_column][\/vc_row][vc_row equal_height=&#8221;yes&#8221;][vc_column width=&#8221;1\/3&#8243;][vc_tta_tabs style=&#8221;flat&#8221; shape=&#8221;square&#8221; color=&#8221;white&#8221; tab_position=&#8221;bottom&#8221; active_section=&#8221;1&#8243;][vc_tta_section title=&#8221;&lt;&#8221; tab_id=&#8221;1533689919006-8616bf4f-3ea5&#8243;]<div class=\"hover_box\"><div class=\"hover_box_wrapper\"><img loading=\"lazy\" decoding=\"async\" class=\"scale-with-grid visible_photo\" src=\"https:\/\/www.stayrambler.com\/wp-content\/uploads\/2019\/06\/RamblerMotel_GoldSwanPoolFun.jpg\" alt=\"RamblerMotel_GoldSwanPoolFun\" width=\"2048\" height=\"1365\"\/><img loading=\"lazy\" decoding=\"async\" class=\"scale-with-grid hidden_photo\" src=\"https:\/\/www.stayrambler.com\/wp-content\/uploads\/2019\/06\/RamblerMotel_GoldSwanPoolFun.jpg\" alt=\"RamblerMotel_GoldSwanPoolFun\" width=\"2048\" height=\"1365\"\/><\/div><\/div>\n[vc_custom_heading text=&#8221;Piscina &#8221; google_fonts=&#8221;font_family:Merriweather%3A300%2C300italic%2Cregular%2Citalic%2C700%2C700italic%2C900%2C900italic|font_style:400%20regular%3A400%3Anormal&#8221; css=&#8221;.vc_custom_1533689656977{padding-top: 40px !important;}&#8221;][\/vc_tta_section][vc_tta_section title=&#8221;Mas info |\u2192&#8221; tab_id=&#8221;1533689919137-c1d11c9e-1b14&#8243;][vc_column_text]\u00c9chese en una balsa de piscina flotable o rel\u00e1jese al lado del agua bajo el sol de San Diego. [\/vc_column_text][\/vc_tta_section][\/vc_tta_tabs][\/vc_column][vc_column width=&#8221;1\/3&#8243;][vc_tta_tabs style=&#8221;flat&#8221; shape=&#8221;square&#8221; color=&#8221;white&#8221; tab_position=&#8221;bottom&#8221; active_section=&#8221;1&#8243;][vc_tta_section title=&#8221;&lt;&#8221; tab_id=&#8221;1533689919823-a196f261-9396&#8243;]<div class=\"hover_box\"><a href=\"http:\/\/www.sevenmilecasino.com\/events\/\" target=\"_blank\" title=\"\" rel=\"noopener\"><div class=\"hover_box_wrapper\"><img loading=\"lazy\" decoding=\"async\" class=\"scale-with-grid visible_photo\" src=\"https:\/\/www.stayrambler.com\/wp-content\/uploads\/2018\/08\/Socialize_Tourny2-1.jpg\" alt=\"Christmas setting with poker chips\" width=\"2048\" height=\"1360\"\/><img loading=\"lazy\" decoding=\"async\" class=\"scale-with-grid hidden_photo\" src=\"https:\/\/www.stayrambler.com\/wp-content\/uploads\/2018\/08\/Socialize_Tourny2-1.jpg\" alt=\"Christmas setting with poker chips\" width=\"2048\" height=\"1360\"\/><\/div><\/a><\/div>\n[vc_custom_heading text=&#8221;Torneos&#8221; google_fonts=&#8221;font_family:Merriweather%3A300%2C300italic%2Cregular%2Citalic%2C700%2C700italic%2C900%2C900italic|font_style:400%20regular%3A400%3Anormal&#8221; css=&#8221;.vc_custom_1533689708573{padding-top: 40px !important;}&#8221;][\/vc_tta_section][vc_tta_section title=&#8221;Mas info |\u2192&#8221; tab_id=&#8221;1533689919886-ec08952e-7821&#8243;][vc_column_text][\/vc_column_text][\/vc_tta_section][\/vc_tta_tabs][\/vc_column][\/vc_row]<\/p>\n","protected":false},"excerpt":{"rendered":"<p>[vc_row equal_height=&#8221;yes&#8221; el_class=&#8221;socialize-places&#8221;][vc_column width=&#8221;1\/3&#8243;][vc_tta_tabs style=&#8221;flat&#8221; shape=&#8221;square&#8221; color=&#8221;white&#8221; tab_position=&#8221;bottom&#8221; active_section=&#8221;1&#8243;][vc_tta_section title=&#8221;&lt;&#8221; tab_id=&#8221;1530780631072-52659404-1839&#8243;][vc_custom_heading text=&#8221;Seven Mile Casino&#8221; google_fonts=&#8221;font_family:Merriweather%3A300%2C300italic%2Cregular%2Citalic%2C700%2C700italic%2C900%2C900italic|font_style:400%20regular%3A400%3Anormal&#8221; css=&#8221;.vc_custom_1533687003716{padding-top: 40px !important;}&#8221;][\/vc_tta_section][vc_tta_section title=&#8221;M\u00e1s info |\u2192&#8221; tab_id=&#8221;1530780631096-d28fe751-4d4d&#8221;][vc_column_text] Pruebe su suerte en<span class=\"excerpt-hellip\"> [\u2026]<\/span><\/p>\n","protected":false},"author":4,"featured_media":0,"parent":0,"menu_order":4,"comment_status":"closed","ping_status":"closed","template":"","meta":{"footnotes":""},"class_list":["post-21201","page","type-page","status-publish","hentry"],"_links":{"self":[{"href":"https:\/\/www.stayrambler.com\/es\/wp-json\/wp\/v2\/pages\/21201","targetHints":{"allow":["GET"]}}],"collection":[{"href":"https:\/\/www.stayrambler.com\/es\/wp-json\/wp\/v2\/pages"}],"about":[{"href":"https:\/\/www.stayrambler.com\/es\/wp-json\/wp\/v2\/types\/page"}],"author":[{"embeddable":true,"href":"https:\/\/www.stayrambler.com\/es\/wp-json\/wp\/v2\/users\/4"}],"replies":[{"embeddable":true,"href":"https:\/\/www.stayrambler.com\/es\/wp-json\/wp\/v2\/comments?post=21201"}],"version-history":[{"count":1,"href":"https:\/\/www.stayrambler.com\/es\/wp-json\/wp\/v2\/pages\/21201\/revisions"}],"predecessor-version":[{"id":21214,"href":"https:\/\/www.stayrambler.com\/es\/wp-json\/wp\/v2\/pages\/21201\/revisions\/21214"}],"wp:attachment":[{"href":"https:\/\/www.stayrambler.com\/es\/wp-json\/wp\/v2\/media?parent=21201"}],"curies":[{"name":"wp","href":"https:\/\/api.w.org\/{rel}","templated":true}]}}